{"id":4610,"date":"2024-12-30T16:19:18","date_gmt":"2024-12-30T15:19:18","guid":{"rendered":"https:\/\/www.swissmains.com\/?page_id=4610"},"modified":"2026-04-27T12:48:50","modified_gmt":"2026-04-27T11:48:50","slug":"suiss-poseidon","status":"publish","type":"page","link":"https:\/\/www.swissmains.com\/en\/measurement-instrumentation-solutions\/client-projects\/suiss-poseidon\/","title":{"rendered":"SUISS Poseidon"},"content":{"rendered":"<div class=\"n2_clear\"><ss3-force-full-width data-overflow-x=\"body\" data-horizontal-selector=\"body\"><div class=\"n2-section-smartslider fitvidsignore  n2_clear\" data-ssid=\"33\"><div id=\"n2-ss-33-align\" class=\"n2-ss-align\"><div class=\"n2-padding\"><div id=\"n2-ss-33\" data-creator=\"Smart Slider 3\" data-responsive=\"fullwidth\" class=\"n2-ss-slider n2-ow n2-has-hover n2notransition  \">\n        <div class=\"n2-ss-slider-1 n2_ss__touch_element n2-ow\">\n            <div class=\"n2-ss-slider-2 n2-ow\">\n                                                <div class=\"n2-ss-slider-3 n2-ow\">\n\n                    <div class=\"n2-ss-slide-backgrounds n2-ow-all\"><div class=\"n2-ss-slide-background\" data-public-id=\"1\" data-mode=\"fill\"><div class=\"n2-ss-slide-background-image\" data-blur=\"0\" data-opacity=\"100\" data-x=\"50\" data-y=\"65\" data-alt=\"\" data-title=\"\" style=\"--ss-o-pos-y:65%\"><picture class=\"skip-lazy\" data-skip-lazy=\"1\"><img decoding=\"async\" src=\"\/\/www.swissmains.com\/wp-content\/uploads\/2024\/10\/IMG_9410_komp.jpg\" alt=\"\" title=\"\" loading=\"lazy\" class=\"skip-lazy\" data-skip-lazy=\"1\"><\/picture><\/div><div data-color=\"RGBA(255,255,255,0)\" style=\"background-color: RGBA(255,255,255,0);\" class=\"n2-ss-slide-background-color\"><\/div><\/div><div class=\"n2-ss-slide-background\" data-public-id=\"2\" data-mode=\"fill\" aria-hidden=\"true\"><div class=\"n2-ss-slide-background-image\" data-blur=\"0\" data-opacity=\"100\" data-x=\"50\" data-y=\"50\" data-alt=\"\" data-title=\"\"><picture class=\"skip-lazy\" data-skip-lazy=\"1\"><img decoding=\"async\" src=\"\/\/www.swissmains.com\/wp-content\/uploads\/2024\/10\/IMG_9402_komp.jpg\" alt=\"\" title=\"\" loading=\"lazy\" class=\"skip-lazy\" data-skip-lazy=\"1\"><\/picture><\/div><div data-color=\"RGBA(255,255,255,0)\" style=\"background-color: RGBA(255,255,255,0);\" class=\"n2-ss-slide-background-color\"><\/div><\/div><div class=\"n2-ss-slide-background\" data-public-id=\"3\" data-mode=\"fill\" aria-hidden=\"true\"><div class=\"n2-ss-slide-background-image\" data-blur=\"0\" data-opacity=\"100\" data-x=\"50\" data-y=\"25\" data-alt=\"\" data-title=\"\" style=\"--ss-o-pos-y:25%\"><picture class=\"skip-lazy\" data-skip-lazy=\"1\"><img decoding=\"async\" src=\"\/\/www.swissmains.com\/wp-content\/uploads\/2024\/10\/IMG_9387_komp.jpg\" alt=\"\" title=\"\" loading=\"lazy\" class=\"skip-lazy\" data-skip-lazy=\"1\"><\/picture><\/div><div data-color=\"RGBA(255,255,255,0)\" style=\"background-color: RGBA(255,255,255,0);\" class=\"n2-ss-slide-background-color\"><\/div><\/div><div class=\"n2-ss-slide-background\" data-public-id=\"4\" data-mode=\"fill\" aria-hidden=\"true\"><div class=\"n2-ss-slide-background-image\" data-blur=\"0\" data-opacity=\"100\" data-x=\"50\" data-y=\"35\" data-alt=\"\" data-title=\"\" style=\"--ss-o-pos-y:35%\"><picture class=\"skip-lazy\" data-skip-lazy=\"1\"><img decoding=\"async\" src=\"\/\/www.swissmains.com\/wp-content\/uploads\/2024\/10\/IMG_9403_komp.jpg\" alt=\"\" title=\"\" loading=\"lazy\" class=\"skip-lazy\" data-skip-lazy=\"1\"><\/picture><\/div><div data-color=\"RGBA(255,255,255,0)\" style=\"background-color: RGBA(255,255,255,0);\" class=\"n2-ss-slide-background-color\"><\/div><\/div><div class=\"n2-ss-slide-background\" data-public-id=\"5\" data-mode=\"fill\" aria-hidden=\"true\"><div class=\"n2-ss-slide-background-image\" data-blur=\"0\" data-opacity=\"100\" data-x=\"50\" data-y=\"60\" data-alt=\"\" data-title=\"\" style=\"--ss-o-pos-y:60%\"><picture class=\"skip-lazy\" data-skip-lazy=\"1\"><img decoding=\"async\" src=\"\/\/www.swissmains.com\/wp-content\/uploads\/2024\/10\/IMG_9372_komp.jpg\" alt=\"\" title=\"\" loading=\"lazy\" class=\"skip-lazy\" data-skip-lazy=\"1\"><\/picture><\/div><div data-color=\"RGBA(255,255,255,0)\" style=\"background-color: RGBA(255,255,255,0);\" class=\"n2-ss-slide-background-color\"><\/div><\/div><\/div>                    <div class=\"n2-ss-slider-4 n2-ow\">\n                        <svg xmlns=\"http:\/\/www.w3.org\/2000\/svg\" viewBox=\"0 0 1200 450\" data-related-device=\"desktopPortrait\" class=\"n2-ow n2-ss-preserve-size n2-ss-preserve-size--slider n2-ss-slide-limiter\"><\/svg><div data-first=\"1\" data-slide-duration=\"0\" data-id=\"161\" data-slide-public-id=\"1\" data-title=\"IMG_9410_komp\" class=\"n2-ss-slide n2-ow  n2-ss-slide-161\"><div role=\"note\" class=\"n2-ss-slide--focus\" tabindex=\"-1\">IMG_9410_komp<\/div><div class=\"n2-ss-layers-container n2-ss-slide-limiter n2-ow\"><div class=\"n2-ss-layer n2-ow n-uc-02VceFh4CqoX\" data-sstype=\"slide\" data-pm=\"default\"><\/div><\/div><\/div><div data-slide-duration=\"0\" data-id=\"162\" data-slide-public-id=\"2\" aria-hidden=\"true\" data-title=\"IMG_9402_komp\" class=\"n2-ss-slide n2-ow  n2-ss-slide-162\"><div role=\"note\" class=\"n2-ss-slide--focus\" tabindex=\"-1\">IMG_9402_komp<\/div><div class=\"n2-ss-layers-container n2-ss-slide-limiter n2-ow\"><div class=\"n2-ss-layer n2-ow n-uc-Pavz1L4yPnBt\" data-sstype=\"slide\" data-pm=\"default\"><\/div><\/div><\/div><div data-slide-duration=\"0\" data-id=\"166\" data-slide-public-id=\"3\" aria-hidden=\"true\" data-title=\"IMG_9387_komp\" class=\"n2-ss-slide n2-ow  n2-ss-slide-166\"><div role=\"note\" class=\"n2-ss-slide--focus\" tabindex=\"-1\">IMG_9387_komp<\/div><div class=\"n2-ss-layers-container n2-ss-slide-limiter n2-ow\"><div class=\"n2-ss-layer n2-ow n-uc-OMdENmCpZizA\" data-sstype=\"slide\" data-pm=\"default\"><\/div><\/div><\/div><div data-slide-duration=\"0\" data-id=\"164\" data-slide-public-id=\"4\" aria-hidden=\"true\" data-title=\"IMG_9403_komp\" class=\"n2-ss-slide n2-ow  n2-ss-slide-164\"><div role=\"note\" class=\"n2-ss-slide--focus\" tabindex=\"-1\">IMG_9403_komp<\/div><div class=\"n2-ss-layers-container n2-ss-slide-limiter n2-ow\"><div class=\"n2-ss-layer n2-ow n-uc-gvZziaf6a96c\" data-sstype=\"slide\" data-pm=\"default\"><\/div><\/div><\/div><div data-slide-duration=\"0\" data-id=\"165\" data-slide-public-id=\"5\" aria-hidden=\"true\" data-title=\"IMG_9372_komp\" class=\"n2-ss-slide n2-ow  n2-ss-slide-165\"><div role=\"note\" class=\"n2-ss-slide--focus\" tabindex=\"-1\">IMG_9372_komp<\/div><div class=\"n2-ss-layers-container n2-ss-slide-limiter n2-ow\"><div class=\"n2-ss-layer n2-ow n-uc-PIWRiusl6FLB\" data-sstype=\"slide\" data-pm=\"default\"><\/div><\/div><\/div>                    <\/div>\n\n                                    <\/div>\n            <\/div>\n        <\/div>\n        <\/div><ss3-loader><\/ss3-loader><\/div><\/div><div class=\"n2_clear\"><\/div><\/div><\/ss3-force-full-width><\/div>\n\n\n<h1 class=\"wp-block-heading has-text-align-center\"><strong>SUISS Poseidon<\/strong><\/h1>\n\n\n\n<div class=\"wp-block-columns is-layout-flex wp-container-core-columns-is-layout-9d6595d7 wp-block-columns-is-layout-flex\">\n<div class=\"wp-block-column is-layout-flow wp-block-column-is-layout-flow\" style=\"flex-basis:20%\"><\/div>\n\n\n\n<div class=\"wp-block-column is-layout-flow wp-block-column-is-layout-flow\" style=\"flex-basis:60%\">\n<div class=\"wp-block-columns is-layout-flex wp-container-core-columns-is-layout-9d6595d7 wp-block-columns-is-layout-flex\">\n<div class=\"wp-block-column is-layout-flow wp-block-column-is-layout-flow\">\n<figure class=\"wp-block-image size-large hover-zoom\"><img loading=\"lazy\" decoding=\"async\" width=\"1024\" height=\"683\" src=\"https:\/\/www.swissmains.com\/wp-content\/uploads\/2022\/01\/IMG_9387-1024x683.jpg\" alt=\"\" class=\"wp-image-503\" srcset=\"https:\/\/www.swissmains.com\/wp-content\/uploads\/2022\/01\/IMG_9387-1024x683.jpg 1024w, https:\/\/www.swissmains.com\/wp-content\/uploads\/2022\/01\/IMG_9387-300x200.jpg 300w, https:\/\/www.swissmains.com\/wp-content\/uploads\/2022\/01\/IMG_9387-768x512.jpg 768w, https:\/\/www.swissmains.com\/wp-content\/uploads\/2022\/01\/IMG_9387-1536x1024.jpg 1536w, https:\/\/www.swissmains.com\/wp-content\/uploads\/2022\/01\/IMG_9387-2048x1365.jpg 2048w\" sizes=\"auto, (max-width: 1024px) 100vw, 1024px\" \/><\/figure>\n<\/div>\n\n\n\n<div class=\"wp-block-column is-layout-flow wp-block-column-is-layout-flow\">\n<p>The SUISS-Poseidon (SUISS = Swiss Underwater Information Supervision Software) allows the systematical categorization and management of the measurement data: it is the link to your own geographical information system.<\/p>\n<\/div>\n<\/div>\n\n\n\n<div class=\"wp-block-columns is-layout-flex wp-container-core-columns-is-layout-9d6595d7 wp-block-columns-is-layout-flex\">\n<div class=\"wp-block-column is-layout-flow wp-block-column-is-layout-flow\">\n<p>The aim of the development of SUISS Hydra was the modernization of surveying in underwater archaeology State-of-the-art technology and most sensitive sensors allow for very accurate measurements in great depth in fresh water. Thanks to highly integrated circuits the hand set is small and handy.<\/p>\n<\/div>\n\n\n\n<div class=\"wp-block-column is-layout-flow wp-block-column-is-layout-flow\">\n<figure class=\"wp-block-image size-large hover-zoom\"><img loading=\"lazy\" decoding=\"async\" width=\"1024\" height=\"683\" src=\"https:\/\/www.swissmains.com\/wp-content\/uploads\/2022\/01\/IMG_9371-1024x683.jpg\" alt=\"\" class=\"wp-image-505\" srcset=\"https:\/\/www.swissmains.com\/wp-content\/uploads\/2022\/01\/IMG_9371-1024x683.jpg 1024w, https:\/\/www.swissmains.com\/wp-content\/uploads\/2022\/01\/IMG_9371-300x200.jpg 300w, https:\/\/www.swissmains.com\/wp-content\/uploads\/2022\/01\/IMG_9371-768x512.jpg 768w, https:\/\/www.swissmains.com\/wp-content\/uploads\/2022\/01\/IMG_9371-1536x1024.jpg 1536w, https:\/\/www.swissmains.com\/wp-content\/uploads\/2022\/01\/IMG_9371-2048x1365.jpg 2048w\" sizes=\"auto, (max-width: 1024px) 100vw, 1024px\" \/><\/figure>\n<\/div>\n<\/div>\n\n\n\n<div class=\"wp-block-columns is-layout-flex wp-container-core-columns-is-layout-9d6595d7 wp-block-columns-is-layout-flex\">\n<div class=\"wp-block-column is-layout-flow wp-block-column-is-layout-flow\">\n<figure class=\"wp-block-image size-large hover-zoom\"><img loading=\"lazy\" decoding=\"async\" width=\"768\" height=\"1024\" src=\"https:\/\/www.swissmains.com\/wp-content\/uploads\/2022\/01\/P1050179-768x1024.jpg\" alt=\"\" class=\"wp-image-507\" srcset=\"https:\/\/www.swissmains.com\/wp-content\/uploads\/2022\/01\/P1050179-768x1024.jpg 768w, https:\/\/www.swissmains.com\/wp-content\/uploads\/2022\/01\/P1050179-225x300.jpg 225w, https:\/\/www.swissmains.com\/wp-content\/uploads\/2022\/01\/P1050179-1152x1536.jpg 1152w, https:\/\/www.swissmains.com\/wp-content\/uploads\/2022\/01\/P1050179-1536x2048.jpg 1536w, https:\/\/www.swissmains.com\/wp-content\/uploads\/2022\/01\/P1050179.jpg 1920w\" sizes=\"auto, (max-width: 768px) 100vw, 768px\" \/><\/figure>\n<\/div>\n\n\n\n<div class=\"wp-block-column is-layout-flow wp-block-column-is-layout-flow\">\n<p>The System was developed with the following applications in mind:<\/p>\n\n\n\n<p>Setting up of a survey grid<br>\u2013 Recording of individual findings<br>\u2013 Attribution of each single measurement<br>\u2013 Recording of lines<br>\u2013 Recording of areas<br>\u2013 Delivery of digital elevation models<br>\u2013 Mapping and monitoring of changes<br>\u2013 Also for land-based surveying thanks to a modulare design<\/p>\n\n\n\n<p>We are sure you will find additional applications in your specific area. Let<br>the technology support your day-to-day operations.<\/p>\n<\/div>\n<\/div>\n\n\n\n<h2 class=\"wp-block-heading\">Download Material<\/h2>\n\n\n\n<div class=\"wp-block-columns are-vertically-aligned-center is-layout-flex wp-container-core-columns-is-layout-9d6595d7 wp-block-columns-is-layout-flex\">\n<div class=\"wp-block-column is-vertically-aligned-center is-layout-flow wp-block-column-is-layout-flow\" style=\"flex-basis:60px\">\n<figure class=\"wp-block-image size-full is-resized\"><img loading=\"lazy\" decoding=\"async\" width=\"800\" height=\"984\" src=\"https:\/\/www.swissmains.com\/wp-content\/uploads\/2024\/10\/PDF_file_icon.svg.png\" alt=\"\" class=\"wp-image-2052\" style=\"width:60px\" srcset=\"https:\/\/www.swissmains.com\/wp-content\/uploads\/2024\/10\/PDF_file_icon.svg.png 800w, https:\/\/www.swissmains.com\/wp-content\/uploads\/2024\/10\/PDF_file_icon.svg-244x300.png 244w, https:\/\/www.swissmains.com\/wp-content\/uploads\/2024\/10\/PDF_file_icon.svg-768x945.png 768w\" sizes=\"auto, (max-width: 800px) 100vw, 800px\" \/><\/figure>\n<\/div>\n\n\n\n<div class=\"wp-block-column is-vertically-aligned-center is-layout-flow wp-block-column-is-layout-flow\">\n<p><a href=\"http:\/\/www.suiss-underwater.ch\/SMT_Doku_SUISS_Hydra_en_V3.pdf\" target=\"_blank\" rel=\"noreferrer noopener\">Flyer about the Hydra<\/a><\/p>\n<\/div>\n<\/div>\n\n\n\n<h2 class=\"wp-block-heading\">Links &amp; References<\/h2>\n\n\n\n<div class=\"wp-block-columns are-vertically-aligned-center is-layout-flex wp-container-core-columns-is-layout-9d6595d7 wp-block-columns-is-layout-flex\">\n<div class=\"wp-block-column is-vertically-aligned-center is-layout-flow wp-block-column-is-layout-flow\" style=\"flex-basis:130px\">\n<figure class=\"wp-block-image size-full is-resized\"><img loading=\"lazy\" decoding=\"async\" width=\"277\" height=\"277\" src=\"https:\/\/www.swissmains.com\/wp-content\/uploads\/2024\/10\/Link_icon-edited.jpg\" alt=\"\" class=\"wp-image-3295\" style=\"width:130px\" srcset=\"https:\/\/www.swissmains.com\/wp-content\/uploads\/2024\/10\/Link_icon-edited.jpg 277w, https:\/\/www.swissmains.com\/wp-content\/uploads\/2024\/10\/Link_icon-edited-150x150.jpg 150w\" sizes=\"auto, (max-width: 277px) 100vw, 277px\" \/><\/figure>\n<\/div>\n\n\n\n<div class=\"wp-block-column is-vertically-aligned-center is-layout-flow wp-block-column-is-layout-flow\">\n<p><a href=\"http:\/\/www.suiss-underwater.ch\/\" target=\"_blank\" rel=\"noreferrer noopener\">SUISS Underwater &#8211; Instruments for archaeological divers (suiss-underwater.ch)<\/a><br><a href=\"https:\/\/www.stadt-zuerich.ch\/hbd\/de\/index\/staedtebau\/archaeo_denkmal\/uwad.html\" target=\"_blank\" rel=\"noreferrer noopener\">Unterwasserarch\u00e4ologie und Dendroarch\u00e4ologie &#8211; Stadt Z\u00fcrich (stadt-zuerich.ch)<\/a><br><a href=\"https:\/\/www.stadt-zuerich.ch\/epaper\/HBD\/Afs\/forschen_schuetzen_output\/web\/html5\/index.html?&amp;locale=ENG\" target=\"_blank\" rel=\"noreferrer noopener\">forschen_und_schuetzen (stadt-zuerich.ch)<\/a><br><a href=\"https:\/\/www.stadt-zuerich.ch\/hbd\/de\/index\/staedtebau\/archaeo_denkmal\/publikationen\/themenhefte\/verstehen_vorausschauen.html\" target=\"_blank\" rel=\"noreferrer noopener\">verstehen und vorausschauen &#8211; Stadt Z\u00fcrich (stadt-zuerich.ch)<\/a><\/p>\n<\/div>\n<\/div>\n<\/div>\n\n\n\n<div class=\"wp-block-column is-layout-flow wp-block-column-is-layout-flow\" style=\"flex-basis:20%\"><\/div>\n<\/div>\n","protected":false},"excerpt":{"rendered":"<p>SUISS Poseidon The SUISS-Poseidon (SUISS = Swiss Underwater Information Supervision Software) allows the systematical categorization and management of the measurement data: it is the link to your own geographical information system. The aim of the development of SUISS Hydra was the modernization of surveying in underwater archaeology State-of-the-art technology and most sensitive sensors allow for [&hellip;]<\/p>\n","protected":false},"author":2,"featured_media":0,"parent":4608,"menu_order":0,"comment_status":"closed","ping_status":"closed","template":"","meta":{"footnotes":""},"class_list":["post-4610","page","type-page","status-publish","hentry","post"],"yoast_head":"<!-- This site is optimized with the Yoast SEO plugin v27.5 - https:\/\/yoast.com\/product\/yoast-seo-wordpress\/ -->\n<title>SUISS Poseidon - SMT Swiss Mains GmbH<\/title>\n<meta name=\"robots\" content=\"index, follow, max-snippet:-1, max-image-preview:large, max-video-preview:-1\" \/>\n<link rel=\"canonical\" href=\"https:\/\/www.swissmains.com\/en\/measurement-instrumentation-solutions\/client-projects\/suiss-poseidon\/\" \/>\n<meta property=\"og:locale\" content=\"en_US\" \/>\n<meta property=\"og:type\" content=\"article\" \/>\n<meta property=\"og:title\" content=\"SUISS Poseidon - SMT Swiss Mains GmbH\" \/>\n<meta property=\"og:description\" content=\"SUISS Poseidon The SUISS-Poseidon (SUISS = Swiss Underwater Information Supervision Software) allows the systematical categorization and management of the measurement data: it is the link to your own geographical information system. The aim of the development of SUISS Hydra was the modernization of surveying in underwater archaeology State-of-the-art technology and most sensitive sensors allow for [&hellip;]\" \/>\n<meta property=\"og:url\" content=\"https:\/\/www.swissmains.com\/en\/measurement-instrumentation-solutions\/client-projects\/suiss-poseidon\/\" \/>\n<meta property=\"og:site_name\" content=\"SMT Swiss Mains GmbH\" \/>\n<meta property=\"article:modified_time\" content=\"2026-04-27T11:48:50+00:00\" \/>\n<meta property=\"og:image\" content=\"https:\/\/www.swissmains.com\/wp-content\/uploads\/2022\/01\/IMG_9387-1024x683.jpg\" \/>\n<meta name=\"twitter:card\" content=\"summary_large_image\" \/>\n<meta name=\"twitter:label1\" content=\"Est. reading time\" \/>\n\t<meta name=\"twitter:data1\" content=\"2 minutes\" \/>\n<script type=\"application\/ld+json\" class=\"yoast-schema-graph\">{\"@context\":\"https:\\\/\\\/schema.org\",\"@graph\":[{\"@type\":\"WebPage\",\"@id\":\"https:\\\/\\\/www.swissmains.com\\\/en\\\/measurement-instrumentation-solutions\\\/client-projects\\\/suiss-poseidon\\\/\",\"url\":\"https:\\\/\\\/www.swissmains.com\\\/en\\\/measurement-instrumentation-solutions\\\/client-projects\\\/suiss-poseidon\\\/\",\"name\":\"SUISS Poseidon - SMT Swiss Mains GmbH\",\"isPartOf\":{\"@id\":\"https:\\\/\\\/www.swissmains.com\\\/en\\\/#website\"},\"primaryImageOfPage\":{\"@id\":\"https:\\\/\\\/www.swissmains.com\\\/en\\\/measurement-instrumentation-solutions\\\/client-projects\\\/suiss-poseidon\\\/#primaryimage\"},\"image\":{\"@id\":\"https:\\\/\\\/www.swissmains.com\\\/en\\\/measurement-instrumentation-solutions\\\/client-projects\\\/suiss-poseidon\\\/#primaryimage\"},\"thumbnailUrl\":\"https:\\\/\\\/www.swissmains.com\\\/wp-content\\\/uploads\\\/2022\\\/01\\\/IMG_9387-1024x683.jpg\",\"datePublished\":\"2024-12-30T15:19:18+00:00\",\"dateModified\":\"2026-04-27T11:48:50+00:00\",\"breadcrumb\":{\"@id\":\"https:\\\/\\\/www.swissmains.com\\\/en\\\/measurement-instrumentation-solutions\\\/client-projects\\\/suiss-poseidon\\\/#breadcrumb\"},\"inLanguage\":\"en-US\",\"potentialAction\":[{\"@type\":\"ReadAction\",\"target\":[\"https:\\\/\\\/www.swissmains.com\\\/en\\\/measurement-instrumentation-solutions\\\/client-projects\\\/suiss-poseidon\\\/\"]}]},{\"@type\":\"ImageObject\",\"inLanguage\":\"en-US\",\"@id\":\"https:\\\/\\\/www.swissmains.com\\\/en\\\/measurement-instrumentation-solutions\\\/client-projects\\\/suiss-poseidon\\\/#primaryimage\",\"url\":\"https:\\\/\\\/www.swissmains.com\\\/wp-content\\\/uploads\\\/2022\\\/01\\\/IMG_9387-1024x683.jpg\",\"contentUrl\":\"https:\\\/\\\/www.swissmains.com\\\/wp-content\\\/uploads\\\/2022\\\/01\\\/IMG_9387-1024x683.jpg\"},{\"@type\":\"BreadcrumbList\",\"@id\":\"https:\\\/\\\/www.swissmains.com\\\/en\\\/measurement-instrumentation-solutions\\\/client-projects\\\/suiss-poseidon\\\/#breadcrumb\",\"itemListElement\":[{\"@type\":\"ListItem\",\"position\":1,\"name\":\"Startseite\",\"item\":\"https:\\\/\\\/www.swissmains.com\\\/en\\\/\"},{\"@type\":\"ListItem\",\"position\":2,\"name\":\"Measurement &#038; Instrumentation Solutions\",\"item\":\"https:\\\/\\\/www.swissmains.com\\\/en\\\/measurement-instrumentation-solutions\\\/\"},{\"@type\":\"ListItem\",\"position\":3,\"name\":\"Client Projects\",\"item\":\"https:\\\/\\\/www.swissmains.com\\\/en\\\/measurement-instrumentation-solutions\\\/client-projects\\\/\"},{\"@type\":\"ListItem\",\"position\":4,\"name\":\"SUISS Poseidon\"}]},{\"@type\":\"WebSite\",\"@id\":\"https:\\\/\\\/www.swissmains.com\\\/en\\\/#website\",\"url\":\"https:\\\/\\\/www.swissmains.com\\\/en\\\/\",\"name\":\"SMT Swiss Mains GmbH\",\"description\":\"\",\"publisher\":{\"@id\":\"https:\\\/\\\/www.swissmains.com\\\/en\\\/#organization\"},\"potentialAction\":[{\"@type\":\"SearchAction\",\"target\":{\"@type\":\"EntryPoint\",\"urlTemplate\":\"https:\\\/\\\/www.swissmains.com\\\/en\\\/?s={search_term_string}\"},\"query-input\":{\"@type\":\"PropertyValueSpecification\",\"valueRequired\":true,\"valueName\":\"search_term_string\"}}],\"inLanguage\":\"en-US\"},{\"@type\":\"Organization\",\"@id\":\"https:\\\/\\\/www.swissmains.com\\\/en\\\/#organization\",\"name\":\"SMT Swiss Mains GmbH\",\"url\":\"https:\\\/\\\/www.swissmains.com\\\/en\\\/\",\"logo\":{\"@type\":\"ImageObject\",\"inLanguage\":\"en-US\",\"@id\":\"https:\\\/\\\/www.swissmains.com\\\/en\\\/#\\\/schema\\\/logo\\\/image\\\/\",\"url\":\"https:\\\/\\\/www.swissmains.com\\\/wp-content\\\/uploads\\\/2021\\\/12\\\/cropped-logo_textx-e1728484959194.png\",\"contentUrl\":\"https:\\\/\\\/www.swissmains.com\\\/wp-content\\\/uploads\\\/2021\\\/12\\\/cropped-logo_textx-e1728484959194.png\",\"width\":203,\"height\":50,\"caption\":\"SMT Swiss Mains GmbH\"},\"image\":{\"@id\":\"https:\\\/\\\/www.swissmains.com\\\/en\\\/#\\\/schema\\\/logo\\\/image\\\/\"}}]}<\/script>\n<!-- \/ Yoast SEO plugin. -->","yoast_head_json":{"title":"SUISS Poseidon - SMT Swiss Mains GmbH","robots":{"index":"index","follow":"follow","max-snippet":"max-snippet:-1","max-image-preview":"max-image-preview:large","max-video-preview":"max-video-preview:-1"},"canonical":"https:\/\/www.swissmains.com\/en\/measurement-instrumentation-solutions\/client-projects\/suiss-poseidon\/","og_locale":"en_US","og_type":"article","og_title":"SUISS Poseidon - SMT Swiss Mains GmbH","og_description":"SUISS Poseidon The SUISS-Poseidon (SUISS = Swiss Underwater Information Supervision Software) allows the systematical categorization and management of the measurement data: it is the link to your own geographical information system. The aim of the development of SUISS Hydra was the modernization of surveying in underwater archaeology State-of-the-art technology and most sensitive sensors allow for [&hellip;]","og_url":"https:\/\/www.swissmains.com\/en\/measurement-instrumentation-solutions\/client-projects\/suiss-poseidon\/","og_site_name":"SMT Swiss Mains GmbH","article_modified_time":"2026-04-27T11:48:50+00:00","og_image":[{"url":"https:\/\/www.swissmains.com\/wp-content\/uploads\/2022\/01\/IMG_9387-1024x683.jpg","type":"","width":"","height":""}],"twitter_card":"summary_large_image","twitter_misc":{"Est. reading time":"2 minutes"},"schema":{"@context":"https:\/\/schema.org","@graph":[{"@type":"WebPage","@id":"https:\/\/www.swissmains.com\/en\/measurement-instrumentation-solutions\/client-projects\/suiss-poseidon\/","url":"https:\/\/www.swissmains.com\/en\/measurement-instrumentation-solutions\/client-projects\/suiss-poseidon\/","name":"SUISS Poseidon - SMT Swiss Mains GmbH","isPartOf":{"@id":"https:\/\/www.swissmains.com\/en\/#website"},"primaryImageOfPage":{"@id":"https:\/\/www.swissmains.com\/en\/measurement-instrumentation-solutions\/client-projects\/suiss-poseidon\/#primaryimage"},"image":{"@id":"https:\/\/www.swissmains.com\/en\/measurement-instrumentation-solutions\/client-projects\/suiss-poseidon\/#primaryimage"},"thumbnailUrl":"https:\/\/www.swissmains.com\/wp-content\/uploads\/2022\/01\/IMG_9387-1024x683.jpg","datePublished":"2024-12-30T15:19:18+00:00","dateModified":"2026-04-27T11:48:50+00:00","breadcrumb":{"@id":"https:\/\/www.swissmains.com\/en\/measurement-instrumentation-solutions\/client-projects\/suiss-poseidon\/#breadcrumb"},"inLanguage":"en-US","potentialAction":[{"@type":"ReadAction","target":["https:\/\/www.swissmains.com\/en\/measurement-instrumentation-solutions\/client-projects\/suiss-poseidon\/"]}]},{"@type":"ImageObject","inLanguage":"en-US","@id":"https:\/\/www.swissmains.com\/en\/measurement-instrumentation-solutions\/client-projects\/suiss-poseidon\/#primaryimage","url":"https:\/\/www.swissmains.com\/wp-content\/uploads\/2022\/01\/IMG_9387-1024x683.jpg","contentUrl":"https:\/\/www.swissmains.com\/wp-content\/uploads\/2022\/01\/IMG_9387-1024x683.jpg"},{"@type":"BreadcrumbList","@id":"https:\/\/www.swissmains.com\/en\/measurement-instrumentation-solutions\/client-projects\/suiss-poseidon\/#breadcrumb","itemListElement":[{"@type":"ListItem","position":1,"name":"Startseite","item":"https:\/\/www.swissmains.com\/en\/"},{"@type":"ListItem","position":2,"name":"Measurement &#038; Instrumentation Solutions","item":"https:\/\/www.swissmains.com\/en\/measurement-instrumentation-solutions\/"},{"@type":"ListItem","position":3,"name":"Client Projects","item":"https:\/\/www.swissmains.com\/en\/measurement-instrumentation-solutions\/client-projects\/"},{"@type":"ListItem","position":4,"name":"SUISS Poseidon"}]},{"@type":"WebSite","@id":"https:\/\/www.swissmains.com\/en\/#website","url":"https:\/\/www.swissmains.com\/en\/","name":"SMT Swiss Mains GmbH","description":"","publisher":{"@id":"https:\/\/www.swissmains.com\/en\/#organization"},"potentialAction":[{"@type":"SearchAction","target":{"@type":"EntryPoint","urlTemplate":"https:\/\/www.swissmains.com\/en\/?s={search_term_string}"},"query-input":{"@type":"PropertyValueSpecification","valueRequired":true,"valueName":"search_term_string"}}],"inLanguage":"en-US"},{"@type":"Organization","@id":"https:\/\/www.swissmains.com\/en\/#organization","name":"SMT Swiss Mains GmbH","url":"https:\/\/www.swissmains.com\/en\/","logo":{"@type":"ImageObject","inLanguage":"en-US","@id":"https:\/\/www.swissmains.com\/en\/#\/schema\/logo\/image\/","url":"https:\/\/www.swissmains.com\/wp-content\/uploads\/2021\/12\/cropped-logo_textx-e1728484959194.png","contentUrl":"https:\/\/www.swissmains.com\/wp-content\/uploads\/2021\/12\/cropped-logo_textx-e1728484959194.png","width":203,"height":50,"caption":"SMT Swiss Mains GmbH"},"image":{"@id":"https:\/\/www.swissmains.com\/en\/#\/schema\/logo\/image\/"}}]}},"_links":{"self":[{"href":"https:\/\/www.swissmains.com\/en\/wp-json\/wp\/v2\/pages\/4610","targetHints":{"allow":["GET"]}}],"collection":[{"href":"https:\/\/www.swissmains.com\/en\/wp-json\/wp\/v2\/pages"}],"about":[{"href":"https:\/\/www.swissmains.com\/en\/wp-json\/wp\/v2\/types\/page"}],"author":[{"embeddable":true,"href":"https:\/\/www.swissmains.com\/en\/wp-json\/wp\/v2\/users\/2"}],"replies":[{"embeddable":true,"href":"https:\/\/www.swissmains.com\/en\/wp-json\/wp\/v2\/comments?post=4610"}],"version-history":[{"count":5,"href":"https:\/\/www.swissmains.com\/en\/wp-json\/wp\/v2\/pages\/4610\/revisions"}],"predecessor-version":[{"id":8136,"href":"https:\/\/www.swissmains.com\/en\/wp-json\/wp\/v2\/pages\/4610\/revisions\/8136"}],"up":[{"embeddable":true,"href":"https:\/\/www.swissmains.com\/en\/wp-json\/wp\/v2\/pages\/4608"}],"wp:attachment":[{"href":"https:\/\/www.swissmains.com\/en\/wp-json\/wp\/v2\/media?parent=4610"}],"curies":[{"name":"wp","href":"https:\/\/api.w.org\/{rel}","templated":true}]}}