{"id":4627,"date":"2024-12-30T16:41:25","date_gmt":"2024-12-30T15:41:25","guid":{"rendered":"https:\/\/www.swissmains.com\/?page_id=4627"},"modified":"2025-01-06T13:54:27","modified_gmt":"2025-01-06T12:54:27","slug":"partners","status":"publish","type":"page","link":"https:\/\/www.swissmains.com\/en\/partners\/","title":{"rendered":"Partners"},"content":{"rendered":"\n<h1 class=\"wp-block-heading\"><strong>Partners<\/strong><\/h1>\n\n\n\n<div class=\"wp-block-columns is-layout-flex wp-container-core-columns-is-layout-9d6595d7 wp-block-columns-is-layout-flex\">\n<div class=\"wp-block-column is-layout-flow wp-block-column-is-layout-flow\"><\/div>\n\n\n\n<div class=\"wp-block-column is-layout-flow wp-block-column-is-layout-flow\">\n<figure class=\"wp-block-image size-full is-resized\"><img loading=\"lazy\" decoding=\"async\" width=\"404\" height=\"140\" src=\"https:\/\/www.swissmains.com\/wp-content\/uploads\/2022\/02\/belltronic.png\" alt=\"\" class=\"wp-image-957\" style=\"width:auto;height:100px\" srcset=\"https:\/\/www.swissmains.com\/wp-content\/uploads\/2022\/02\/belltronic.png 404w, https:\/\/www.swissmains.com\/wp-content\/uploads\/2022\/02\/belltronic-300x104.png 300w\" sizes=\"auto, (max-width: 404px) 100vw, 404px\" \/><\/figure>\n<\/div>\n\n\n\n<div class=\"wp-block-column is-layout-flow wp-block-column-is-layout-flow\"><\/div>\n\n\n\n<div class=\"wp-block-column is-layout-flow wp-block-column-is-layout-flow\">\n<figure class=\"wp-block-image size-full is-resized\"><img decoding=\"async\" src=\"https:\/\/www.swissmains.com\/wp-content\/uploads\/2022\/11\/logo-ortec.svg\" alt=\"\" class=\"wp-image-1039\" style=\"width:auto;height:100px\"\/><\/figure>\n<\/div>\n\n\n\n<div class=\"wp-block-column is-layout-flow wp-block-column-is-layout-flow\"><\/div>\n<\/div>\n\n\n\n<div class=\"wp-block-columns is-layout-flex wp-container-core-columns-is-layout-9d6595d7 wp-block-columns-is-layout-flex\">\n<div class=\"wp-block-column is-layout-flow wp-block-column-is-layout-flow\"><\/div>\n\n\n\n<div class=\"wp-block-column is-layout-flow wp-block-column-is-layout-flow\">\n<p><strong>Beltronic IT AG<\/strong><br>Hammerstrasse 8<br>8180 B\u00fclach<\/p>\n\n\n\n<p><a href=\"https:\/\/www.beltronic.ch\/\" target=\"_blank\" rel=\"noreferrer noopener\">www.beltronic.ch<\/a><\/p>\n<\/div>\n\n\n\n<div class=\"wp-block-column is-layout-flow wp-block-column-is-layout-flow\"><\/div>\n\n\n\n<div class=\"wp-block-column is-layout-flow wp-block-column-is-layout-flow\">\n<p><strong>Ortec Management AG<\/strong><br>T\u00e4gerhardring 8<br>5436 W\u00fcrenlos<\/p>\n\n\n\n<p><a href=\"https:\/\/ortec-management.ch\/\" target=\"_blank\" rel=\"noreferrer noopener\">www.ortec-management.ch<\/a><\/p>\n<\/div>\n\n\n\n<div class=\"wp-block-column is-layout-flow wp-block-column-is-layout-flow\"><\/div>\n<\/div>\n","protected":false},"excerpt":{"rendered":"<p>Partners Beltronic IT AGHammerstrasse 88180 B\u00fclach www.beltronic.ch Ortec Management AGT\u00e4gerhardring 85436 W\u00fcrenlos www.ortec-management.ch<\/p>\n","protected":false},"author":2,"featured_media":0,"parent":0,"menu_order":5,"comment_status":"closed","ping_status":"closed","template":"","meta":{"footnotes":""},"class_list":["post-4627","page","type-page","status-publish","hentry","post"],"yoast_head":"<!-- This site is optimized with the Yoast SEO plugin v27.3 - https:\/\/yoast.com\/product\/yoast-seo-wordpress\/ -->\n<title>Partners - SMT Swiss Mains GmbH<\/title>\n<meta name=\"robots\" content=\"index, follow, max-snippet:-1, max-image-preview:large, max-video-preview:-1\" \/>\n<link rel=\"canonical\" href=\"https:\/\/www.swissmains.com\/en\/partners\/\" \/>\n<meta property=\"og:locale\" content=\"en_US\" \/>\n<meta property=\"og:type\" content=\"article\" \/>\n<meta property=\"og:title\" content=\"Partners - SMT Swiss Mains GmbH\" \/>\n<meta property=\"og:description\" content=\"Partners Beltronic IT AGHammerstrasse 88180 B\u00fclach www.beltronic.ch Ortec Management AGT\u00e4gerhardring 85436 W\u00fcrenlos www.ortec-management.ch\" \/>\n<meta property=\"og:url\" content=\"https:\/\/www.swissmains.com\/en\/partners\/\" \/>\n<meta property=\"og:site_name\" content=\"SMT Swiss Mains GmbH\" \/>\n<meta property=\"article:modified_time\" content=\"2025-01-06T12:54:27+00:00\" \/>\n<meta property=\"og:image\" content=\"https:\/\/www.swissmains.com\/wp-content\/uploads\/2022\/02\/belltronic.png\" \/>\n\t<meta property=\"og:image:width\" content=\"404\" \/>\n\t<meta property=\"og:image:height\" content=\"140\" \/>\n\t<meta property=\"og:image:type\" content=\"image\/png\" \/>\n<meta name=\"twitter:card\" content=\"summary_large_image\" \/>\n<meta name=\"twitter:label1\" content=\"Est. reading time\" \/>\n\t<meta name=\"twitter:data1\" content=\"1 minute\" \/>\n<script type=\"application\/ld+json\" class=\"yoast-schema-graph\">{\"@context\":\"https:\\\/\\\/schema.org\",\"@graph\":[{\"@type\":\"WebPage\",\"@id\":\"https:\\\/\\\/www.swissmains.com\\\/en\\\/partners\\\/\",\"url\":\"https:\\\/\\\/www.swissmains.com\\\/en\\\/partners\\\/\",\"name\":\"Partners - SMT Swiss Mains GmbH\",\"isPartOf\":{\"@id\":\"https:\\\/\\\/www.swissmains.com\\\/en\\\/#website\"},\"primaryImageOfPage\":{\"@id\":\"https:\\\/\\\/www.swissmains.com\\\/en\\\/partners\\\/#primaryimage\"},\"image\":{\"@id\":\"https:\\\/\\\/www.swissmains.com\\\/en\\\/partners\\\/#primaryimage\"},\"thumbnailUrl\":\"https:\\\/\\\/www.swissmains.com\\\/wp-content\\\/uploads\\\/2022\\\/02\\\/belltronic.png\",\"datePublished\":\"2024-12-30T15:41:25+00:00\",\"dateModified\":\"2025-01-06T12:54:27+00:00\",\"breadcrumb\":{\"@id\":\"https:\\\/\\\/www.swissmains.com\\\/en\\\/partners\\\/#breadcrumb\"},\"inLanguage\":\"en-US\",\"potentialAction\":[{\"@type\":\"ReadAction\",\"target\":[\"https:\\\/\\\/www.swissmains.com\\\/en\\\/partners\\\/\"]}]},{\"@type\":\"ImageObject\",\"inLanguage\":\"en-US\",\"@id\":\"https:\\\/\\\/www.swissmains.com\\\/en\\\/partners\\\/#primaryimage\",\"url\":\"https:\\\/\\\/www.swissmains.com\\\/wp-content\\\/uploads\\\/2022\\\/02\\\/belltronic.png\",\"contentUrl\":\"https:\\\/\\\/www.swissmains.com\\\/wp-content\\\/uploads\\\/2022\\\/02\\\/belltronic.png\"},{\"@type\":\"BreadcrumbList\",\"@id\":\"https:\\\/\\\/www.swissmains.com\\\/en\\\/partners\\\/#breadcrumb\",\"itemListElement\":[{\"@type\":\"ListItem\",\"position\":1,\"name\":\"Startseite\",\"item\":\"https:\\\/\\\/www.swissmains.com\\\/en\\\/\"},{\"@type\":\"ListItem\",\"position\":2,\"name\":\"Partners\"}]},{\"@type\":\"WebSite\",\"@id\":\"https:\\\/\\\/www.swissmains.com\\\/en\\\/#website\",\"url\":\"https:\\\/\\\/www.swissmains.com\\\/en\\\/\",\"name\":\"SMT Swiss Mains GmbH\",\"description\":\"\",\"publisher\":{\"@id\":\"https:\\\/\\\/www.swissmains.com\\\/en\\\/#organization\"},\"potentialAction\":[{\"@type\":\"SearchAction\",\"target\":{\"@type\":\"EntryPoint\",\"urlTemplate\":\"https:\\\/\\\/www.swissmains.com\\\/en\\\/?s={search_term_string}\"},\"query-input\":{\"@type\":\"PropertyValueSpecification\",\"valueRequired\":true,\"valueName\":\"search_term_string\"}}],\"inLanguage\":\"en-US\"},{\"@type\":\"Organization\",\"@id\":\"https:\\\/\\\/www.swissmains.com\\\/en\\\/#organization\",\"name\":\"SMT Swiss Mains GmbH\",\"url\":\"https:\\\/\\\/www.swissmains.com\\\/en\\\/\",\"logo\":{\"@type\":\"ImageObject\",\"inLanguage\":\"en-US\",\"@id\":\"https:\\\/\\\/www.swissmains.com\\\/en\\\/#\\\/schema\\\/logo\\\/image\\\/\",\"url\":\"https:\\\/\\\/www.swissmains.com\\\/wp-content\\\/uploads\\\/2021\\\/12\\\/cropped-logo_textx-e1728484959194.png\",\"contentUrl\":\"https:\\\/\\\/www.swissmains.com\\\/wp-content\\\/uploads\\\/2021\\\/12\\\/cropped-logo_textx-e1728484959194.png\",\"width\":203,\"height\":50,\"caption\":\"SMT Swiss Mains GmbH\"},\"image\":{\"@id\":\"https:\\\/\\\/www.swissmains.com\\\/en\\\/#\\\/schema\\\/logo\\\/image\\\/\"}}]}<\/script>\n<!-- \/ Yoast SEO plugin. -->","yoast_head_json":{"title":"Partners - SMT Swiss Mains GmbH","robots":{"index":"index","follow":"follow","max-snippet":"max-snippet:-1","max-image-preview":"max-image-preview:large","max-video-preview":"max-video-preview:-1"},"canonical":"https:\/\/www.swissmains.com\/en\/partners\/","og_locale":"en_US","og_type":"article","og_title":"Partners - SMT Swiss Mains GmbH","og_description":"Partners Beltronic IT AGHammerstrasse 88180 B\u00fclach www.beltronic.ch Ortec Management AGT\u00e4gerhardring 85436 W\u00fcrenlos www.ortec-management.ch","og_url":"https:\/\/www.swissmains.com\/en\/partners\/","og_site_name":"SMT Swiss Mains GmbH","article_modified_time":"2025-01-06T12:54:27+00:00","og_image":[{"width":404,"height":140,"url":"https:\/\/www.swissmains.com\/wp-content\/uploads\/2022\/02\/belltronic.png","type":"image\/png"}],"twitter_card":"summary_large_image","twitter_misc":{"Est. reading time":"1 minute"},"schema":{"@context":"https:\/\/schema.org","@graph":[{"@type":"WebPage","@id":"https:\/\/www.swissmains.com\/en\/partners\/","url":"https:\/\/www.swissmains.com\/en\/partners\/","name":"Partners - SMT Swiss Mains GmbH","isPartOf":{"@id":"https:\/\/www.swissmains.com\/en\/#website"},"primaryImageOfPage":{"@id":"https:\/\/www.swissmains.com\/en\/partners\/#primaryimage"},"image":{"@id":"https:\/\/www.swissmains.com\/en\/partners\/#primaryimage"},"thumbnailUrl":"https:\/\/www.swissmains.com\/wp-content\/uploads\/2022\/02\/belltronic.png","datePublished":"2024-12-30T15:41:25+00:00","dateModified":"2025-01-06T12:54:27+00:00","breadcrumb":{"@id":"https:\/\/www.swissmains.com\/en\/partners\/#breadcrumb"},"inLanguage":"en-US","potentialAction":[{"@type":"ReadAction","target":["https:\/\/www.swissmains.com\/en\/partners\/"]}]},{"@type":"ImageObject","inLanguage":"en-US","@id":"https:\/\/www.swissmains.com\/en\/partners\/#primaryimage","url":"https:\/\/www.swissmains.com\/wp-content\/uploads\/2022\/02\/belltronic.png","contentUrl":"https:\/\/www.swissmains.com\/wp-content\/uploads\/2022\/02\/belltronic.png"},{"@type":"BreadcrumbList","@id":"https:\/\/www.swissmains.com\/en\/partners\/#breadcrumb","itemListElement":[{"@type":"ListItem","position":1,"name":"Startseite","item":"https:\/\/www.swissmains.com\/en\/"},{"@type":"ListItem","position":2,"name":"Partners"}]},{"@type":"WebSite","@id":"https:\/\/www.swissmains.com\/en\/#website","url":"https:\/\/www.swissmains.com\/en\/","name":"SMT Swiss Mains GmbH","description":"","publisher":{"@id":"https:\/\/www.swissmains.com\/en\/#organization"},"potentialAction":[{"@type":"SearchAction","target":{"@type":"EntryPoint","urlTemplate":"https:\/\/www.swissmains.com\/en\/?s={search_term_string}"},"query-input":{"@type":"PropertyValueSpecification","valueRequired":true,"valueName":"search_term_string"}}],"inLanguage":"en-US"},{"@type":"Organization","@id":"https:\/\/www.swissmains.com\/en\/#organization","name":"SMT Swiss Mains GmbH","url":"https:\/\/www.swissmains.com\/en\/","logo":{"@type":"ImageObject","inLanguage":"en-US","@id":"https:\/\/www.swissmains.com\/en\/#\/schema\/logo\/image\/","url":"https:\/\/www.swissmains.com\/wp-content\/uploads\/2021\/12\/cropped-logo_textx-e1728484959194.png","contentUrl":"https:\/\/www.swissmains.com\/wp-content\/uploads\/2021\/12\/cropped-logo_textx-e1728484959194.png","width":203,"height":50,"caption":"SMT Swiss Mains GmbH"},"image":{"@id":"https:\/\/www.swissmains.com\/en\/#\/schema\/logo\/image\/"}}]}},"_links":{"self":[{"href":"https:\/\/www.swissmains.com\/en\/wp-json\/wp\/v2\/pages\/4627","targetHints":{"allow":["GET"]}}],"collection":[{"href":"https:\/\/www.swissmains.com\/en\/wp-json\/wp\/v2\/pages"}],"about":[{"href":"https:\/\/www.swissmains.com\/en\/wp-json\/wp\/v2\/types\/page"}],"author":[{"embeddable":true,"href":"https:\/\/www.swissmains.com\/en\/wp-json\/wp\/v2\/users\/2"}],"replies":[{"embeddable":true,"href":"https:\/\/www.swissmains.com\/en\/wp-json\/wp\/v2\/comments?post=4627"}],"version-history":[{"count":2,"href":"https:\/\/www.swissmains.com\/en\/wp-json\/wp\/v2\/pages\/4627\/revisions"}],"predecessor-version":[{"id":5065,"href":"https:\/\/www.swissmains.com\/en\/wp-json\/wp\/v2\/pages\/4627\/revisions\/5065"}],"wp:attachment":[{"href":"https:\/\/www.swissmains.com\/en\/wp-json\/wp\/v2\/media?parent=4627"}],"curies":[{"name":"wp","href":"https:\/\/api.w.org\/{rel}","templated":true}]}}