{"id":4636,"date":"2024-12-30T16:49:23","date_gmt":"2024-12-30T15:49:23","guid":{"rendered":"https:\/\/www.swissmains.com\/?page_id=4636"},"modified":"2026-04-27T14:28:50","modified_gmt":"2026-04-27T13:28:50","slug":"impressum","status":"publish","type":"page","link":"https:\/\/www.swissmains.com\/en\/impressum\/","title":{"rendered":"Impressum"},"content":{"rendered":"\n<div class=\"wp-block-columns is-layout-flex wp-container-core-columns-is-layout-9d6595d7 wp-block-columns-is-layout-flex\">\n<div class=\"wp-block-column is-layout-flow wp-block-column-is-layout-flow\">\n<div class=\"wp-block-columns is-layout-flex wp-container-core-columns-is-layout-9d6595d7 wp-block-columns-is-layout-flex\">\n<div class=\"wp-block-column is-layout-flow wp-block-column-is-layout-flow\" style=\"flex-basis:50%\">\n<h1 class=\"wp-block-heading\"><strong>Impressum<\/strong><\/h1>\n<\/div>\n\n\n\n<div class=\"wp-block-column is-vertically-aligned-center is-layout-flow wp-block-column-is-layout-flow\" style=\"flex-basis:50%\"><div class=\"wp-block-image\">\n<figure class=\"alignleft size-full is-resized\"><img loading=\"lazy\" decoding=\"async\" width=\"36\" height=\"24\" src=\"https:\/\/www.swissmains.com\/wp-content\/uploads\/2026\/04\/en.svg\" alt=\"\" class=\"wp-image-8180\" style=\"width:100px\"\/><\/figure>\n<\/div><\/div>\n<\/div>\n<\/div>\n\n\n\n<div class=\"wp-block-column is-layout-flow wp-block-column-is-layout-flow\">\n<div class=\"wp-block-columns is-layout-flex wp-container-core-columns-is-layout-9d6595d7 wp-block-columns-is-layout-flex\">\n<div class=\"wp-block-column is-layout-flow wp-block-column-is-layout-flow\" style=\"flex-basis:50%\">\n<h1 class=\"wp-block-heading\"><strong>Impressum<\/strong><\/h1>\n<\/div>\n\n\n\n<div class=\"wp-block-column is-vertically-aligned-center is-layout-flow wp-block-column-is-layout-flow\" style=\"flex-basis:50%\">\n<figure class=\"wp-block-image size-full is-resized\"><img loading=\"lazy\" decoding=\"async\" width=\"512\" height=\"512\" src=\"https:\/\/www.swissmains.com\/wp-content\/uploads\/2022\/02\/cropped-Schweizerkreuz.jpg\" alt=\"\" class=\"wp-image-730\" style=\"width:100px\" srcset=\"https:\/\/www.swissmains.com\/wp-content\/uploads\/2022\/02\/cropped-Schweizerkreuz.jpg 512w, https:\/\/www.swissmains.com\/wp-content\/uploads\/2022\/02\/cropped-Schweizerkreuz-300x300.jpg 300w, https:\/\/www.swissmains.com\/wp-content\/uploads\/2022\/02\/cropped-Schweizerkreuz-150x150.jpg 150w, https:\/\/www.swissmains.com\/wp-content\/uploads\/2022\/02\/cropped-Schweizerkreuz-270x270.jpg 270w, https:\/\/www.swissmains.com\/wp-content\/uploads\/2022\/02\/cropped-Schweizerkreuz-192x192.jpg 192w, https:\/\/www.swissmains.com\/wp-content\/uploads\/2022\/02\/cropped-Schweizerkreuz-180x180.jpg 180w, https:\/\/www.swissmains.com\/wp-content\/uploads\/2022\/02\/cropped-Schweizerkreuz-32x32.jpg 32w\" sizes=\"auto, (max-width: 512px) 100vw, 512px\" \/><\/figure>\n<\/div>\n<\/div>\n<\/div>\n<\/div>\n\n\n\n<div class=\"wp-block-columns is-layout-flex wp-container-core-columns-is-layout-9d6595d7 wp-block-columns-is-layout-flex\">\n<div class=\"wp-block-column is-layout-flow wp-block-column-is-layout-flow\">\n<div class=\"wp-block-columns is-layout-flex wp-container-core-columns-is-layout-9d6595d7 wp-block-columns-is-layout-flex\">\n<div class=\"wp-block-column is-layout-flow wp-block-column-is-layout-flow\">\n<p>swissmains.com<\/p>\n\n\n\n<p><strong>Overall Responsibility:<\/strong><\/p>\n\n\n\n<p>SMT Swiss Mains GmbH<br>Grosszelgstrasse 24<br>CH-5436 W\u00fcrenlos<br>Tel. +41 56 436 76 76<br><a href=\"https:\/\/web.archive.org\/web\/20221003072647\/mailto:info@swissmains.com\">info@swissmains.com<\/a><\/p>\n<\/div>\n<\/div>\n<\/div>\n\n\n\n<div class=\"wp-block-column is-layout-flow wp-block-column-is-layout-flow\">\n<div class=\"wp-block-columns is-layout-flex wp-container-core-columns-is-layout-9d6595d7 wp-block-columns-is-layout-flex\">\n<div class=\"wp-block-column is-layout-flow wp-block-column-is-layout-flow\">\n<p>swissmains.com<\/p>\n\n\n\n<p><strong>Allgemeine Verantwortung:<\/strong><\/p>\n\n\n\n<p>SMT Swiss Mains GmbH<br>Grosszelgstrasse 24<br>CH-5436 W\u00fcrenlos<br>Tel. +41 56 436 76 76<br><a href=\"mailto:info@swissmains.com\">info@swissmains.com<\/a><\/p>\n<\/div>\n<\/div>\n<\/div>\n<\/div>\n\n\n\n<div class=\"wp-block-columns is-layout-flex wp-container-core-columns-is-layout-9d6595d7 wp-block-columns-is-layout-flex\">\n<div class=\"wp-block-column is-layout-flow wp-block-column-is-layout-flow\">\n<p><strong>Terms and Conditions of Use:<\/strong><\/p>\n\n\n\n<p><strong>1. Terms and Conditions of use<\/strong><\/p>\n\n\n\n<p>By accessing this site, you accept the following Terms and Conditions. You are only authorized to use the site and its services if you agree to abide by all applicable laws and to these Terms and Conditions.<\/p>\n<\/div>\n\n\n\n<div class=\"wp-block-column is-layout-flow wp-block-column-is-layout-flow\">\n<p><strong>Bedingungen und Konditionen:<\/strong><\/p>\n\n\n\n<p><strong>1. Nutzungsbedingungen<\/strong><\/p>\n\n\n\n<p>Mit dem Zugriff auf diese Website erkl\u00e4ren Sie sich mit den folgenden Nutzungsbedingungen einverstanden. Sie sind nur dann berechtigt, die Website und ihre Dienste zu nutzen, wenn Sie sich zur Einhaltung aller geltenden Gesetze und dieser Bedingungen verpflichten.<\/p>\n<\/div>\n<\/div>\n\n\n\n<div class=\"wp-block-columns is-layout-flex wp-container-core-columns-is-layout-9d6595d7 wp-block-columns-is-layout-flex\">\n<div class=\"wp-block-column is-layout-flow wp-block-column-is-layout-flow\">\n<p><strong>2. Copyright<\/strong><\/p>\n\n\n\n<p>Permission to use, copy and distribute the documentation published by SMT Swiss Mains GmbH on this World Wide Web server is hereby granted on the condition that each copy contains this copyright notice in its entirety and that no part of the documentation is used for commercial purposes but restricted to use for information purposes within an organization.<\/p>\n<\/div>\n\n\n\n<div class=\"wp-block-column is-layout-flow wp-block-column-is-layout-flow\">\n<p><strong>2. Urheberrecht<\/strong><\/p>\n\n\n\n<p>Die Erlaubnis, die von SMT Swiss Mains GmbH auf diesem World Wide Web Server ver\u00f6ffentlichte Dokumentation zu verwenden, zu kopieren und zu verteilen, wird hiermit unter der Bedingung erteilt, dass jede Kopie diesen Urheberrechtsvermerk in vollem Umfang enth\u00e4lt und dass kein Teil der Dokumentation f\u00fcr kommerzielle Zwecke verwendet wird, sondern nur zu Informationszwecken innerhalb einer Organisation.<\/p>\n<\/div>\n<\/div>\n\n\n\n<div class=\"wp-block-columns is-layout-flex wp-container-core-columns-is-layout-9d6595d7 wp-block-columns-is-layout-flex\">\n<div class=\"wp-block-column is-layout-flow wp-block-column-is-layout-flow\">\n<p><strong>3. Accuracy of information provided<\/strong><\/p>\n\n\n\n<p>All information published on this website is provided as is without any representation or warranty of any kind either express or implied including but not limited to implied warranties for merchantability, fitness for a particular purpose or non-infringement. Any SMT Swiss Mains GmbH documentation may include technical inaccuracies or typographical errors. Changes and additions may be made by SMT Swiss Mains GmbH from time to time to any information contained herein.<\/p>\n<\/div>\n\n\n\n<div class=\"wp-block-column is-layout-flow wp-block-column-is-layout-flow\">\n<p><strong>3. Genauigkeit der bereitgestellten Informationen<\/strong><\/p>\n\n\n\n<p>Alle auf dieser Website ver\u00f6ffentlichten Informationen werden ohne jegliche Zusicherung oder Gew\u00e4hrleistung jedweder Art, weder ausdr\u00fccklich noch stillschweigend, zur Verf\u00fcgung gestellt, einschlie\u00dflich, aber nicht beschr\u00e4nkt auf stillschweigende Gew\u00e4hrleistungen der Marktg\u00e4ngigkeit, der Eignung f\u00fcr einen bestimmten Zweck oder der Nichtverletzung von Rechten Dritter. Die Dokumentation von SMT Swiss Mains GmbH kann technische Ungenauigkeiten oder typografische Fehler enthalten. SMT Swiss Mains GmbH kann von Zeit zu Zeit \u00c4nderungen und Erg\u00e4nzungen an den hierin enthaltenen Informationen vornehmen.<\/p>\n<\/div>\n<\/div>\n","protected":false},"excerpt":{"rendered":"<p>Impressum Impressum swissmains.com Overall Responsibility: SMT Swiss Mains GmbHGrosszelgstrasse 24CH-5436 W\u00fcrenlosTel. +41 56 436 76 76info@swissmains.com swissmains.com Allgemeine Verantwortung: SMT Swiss Mains GmbHGrosszelgstrasse 24CH-5436 W\u00fcrenlosTel. +41 56 436 76 76info@swissmains.com Terms and Conditions of Use: 1. Terms and Conditions of use By accessing this site, you accept the following Terms and Conditions. You are only [&hellip;]<\/p>\n","protected":false},"author":2,"featured_media":0,"parent":0,"menu_order":8,"comment_status":"closed","ping_status":"closed","template":"","meta":{"footnotes":""},"class_list":["post-4636","page","type-page","status-publish","hentry","post"],"yoast_head":"<!-- This site is optimized with the Yoast SEO plugin v27.5 - https:\/\/yoast.com\/product\/yoast-seo-wordpress\/ -->\n<title>Impressum - SMT Swiss Mains GmbH<\/title>\n<meta name=\"robots\" content=\"index, follow, max-snippet:-1, max-image-preview:large, max-video-preview:-1\" \/>\n<link rel=\"canonical\" href=\"https:\/\/www.swissmains.com\/en\/impressum\/\" \/>\n<meta property=\"og:locale\" content=\"en_US\" \/>\n<meta property=\"og:type\" content=\"article\" \/>\n<meta property=\"og:title\" content=\"Impressum - SMT Swiss Mains GmbH\" \/>\n<meta property=\"og:description\" content=\"Impressum Impressum swissmains.com Overall Responsibility: SMT Swiss Mains GmbHGrosszelgstrasse 24CH-5436 W\u00fcrenlosTel. +41 56 436 76 76info@swissmains.com swissmains.com Allgemeine Verantwortung: SMT Swiss Mains GmbHGrosszelgstrasse 24CH-5436 W\u00fcrenlosTel. +41 56 436 76 76info@swissmains.com Terms and Conditions of Use: 1. Terms and Conditions of use By accessing this site, you accept the following Terms and Conditions. You are only [&hellip;]\" \/>\n<meta property=\"og:url\" content=\"https:\/\/www.swissmains.com\/en\/impressum\/\" \/>\n<meta property=\"og:site_name\" content=\"SMT Swiss Mains GmbH\" \/>\n<meta property=\"article:modified_time\" content=\"2026-04-27T13:28:50+00:00\" \/>\n<meta name=\"twitter:card\" content=\"summary_large_image\" \/>\n<meta name=\"twitter:label1\" content=\"Est. reading time\" \/>\n\t<meta name=\"twitter:data1\" content=\"3 minutes\" \/>\n<script type=\"application\/ld+json\" class=\"yoast-schema-graph\">{\"@context\":\"https:\\\/\\\/schema.org\",\"@graph\":[{\"@type\":\"WebPage\",\"@id\":\"https:\\\/\\\/www.swissmains.com\\\/en\\\/impressum\\\/\",\"url\":\"https:\\\/\\\/www.swissmains.com\\\/en\\\/impressum\\\/\",\"name\":\"Impressum - SMT Swiss Mains GmbH\",\"isPartOf\":{\"@id\":\"https:\\\/\\\/www.swissmains.com\\\/en\\\/#website\"},\"primaryImageOfPage\":{\"@id\":\"https:\\\/\\\/www.swissmains.com\\\/en\\\/impressum\\\/#primaryimage\"},\"image\":{\"@id\":\"https:\\\/\\\/www.swissmains.com\\\/en\\\/impressum\\\/#primaryimage\"},\"thumbnailUrl\":\"https:\\\/\\\/www.swissmains.com\\\/wp-content\\\/uploads\\\/2026\\\/04\\\/en.svg\",\"datePublished\":\"2024-12-30T15:49:23+00:00\",\"dateModified\":\"2026-04-27T13:28:50+00:00\",\"breadcrumb\":{\"@id\":\"https:\\\/\\\/www.swissmains.com\\\/en\\\/impressum\\\/#breadcrumb\"},\"inLanguage\":\"en-US\",\"potentialAction\":[{\"@type\":\"ReadAction\",\"target\":[\"https:\\\/\\\/www.swissmains.com\\\/en\\\/impressum\\\/\"]}]},{\"@type\":\"ImageObject\",\"inLanguage\":\"en-US\",\"@id\":\"https:\\\/\\\/www.swissmains.com\\\/en\\\/impressum\\\/#primaryimage\",\"url\":\"https:\\\/\\\/www.swissmains.com\\\/wp-content\\\/uploads\\\/2026\\\/04\\\/en.svg\",\"contentUrl\":\"https:\\\/\\\/www.swissmains.com\\\/wp-content\\\/uploads\\\/2026\\\/04\\\/en.svg\"},{\"@type\":\"BreadcrumbList\",\"@id\":\"https:\\\/\\\/www.swissmains.com\\\/en\\\/impressum\\\/#breadcrumb\",\"itemListElement\":[{\"@type\":\"ListItem\",\"position\":1,\"name\":\"Startseite\",\"item\":\"https:\\\/\\\/www.swissmains.com\\\/en\\\/\"},{\"@type\":\"ListItem\",\"position\":2,\"name\":\"Impressum\"}]},{\"@type\":\"WebSite\",\"@id\":\"https:\\\/\\\/www.swissmains.com\\\/en\\\/#website\",\"url\":\"https:\\\/\\\/www.swissmains.com\\\/en\\\/\",\"name\":\"SMT Swiss Mains GmbH\",\"description\":\"\",\"publisher\":{\"@id\":\"https:\\\/\\\/www.swissmains.com\\\/en\\\/#organization\"},\"potentialAction\":[{\"@type\":\"SearchAction\",\"target\":{\"@type\":\"EntryPoint\",\"urlTemplate\":\"https:\\\/\\\/www.swissmains.com\\\/en\\\/?s={search_term_string}\"},\"query-input\":{\"@type\":\"PropertyValueSpecification\",\"valueRequired\":true,\"valueName\":\"search_term_string\"}}],\"inLanguage\":\"en-US\"},{\"@type\":\"Organization\",\"@id\":\"https:\\\/\\\/www.swissmains.com\\\/en\\\/#organization\",\"name\":\"SMT Swiss Mains GmbH\",\"url\":\"https:\\\/\\\/www.swissmains.com\\\/en\\\/\",\"logo\":{\"@type\":\"ImageObject\",\"inLanguage\":\"en-US\",\"@id\":\"https:\\\/\\\/www.swissmains.com\\\/en\\\/#\\\/schema\\\/logo\\\/image\\\/\",\"url\":\"https:\\\/\\\/www.swissmains.com\\\/wp-content\\\/uploads\\\/2021\\\/12\\\/cropped-logo_textx-e1728484959194.png\",\"contentUrl\":\"https:\\\/\\\/www.swissmains.com\\\/wp-content\\\/uploads\\\/2021\\\/12\\\/cropped-logo_textx-e1728484959194.png\",\"width\":203,\"height\":50,\"caption\":\"SMT Swiss Mains GmbH\"},\"image\":{\"@id\":\"https:\\\/\\\/www.swissmains.com\\\/en\\\/#\\\/schema\\\/logo\\\/image\\\/\"}}]}<\/script>\n<!-- \/ Yoast SEO plugin. -->","yoast_head_json":{"title":"Impressum - SMT Swiss Mains GmbH","robots":{"index":"index","follow":"follow","max-snippet":"max-snippet:-1","max-image-preview":"max-image-preview:large","max-video-preview":"max-video-preview:-1"},"canonical":"https:\/\/www.swissmains.com\/en\/impressum\/","og_locale":"en_US","og_type":"article","og_title":"Impressum - SMT Swiss Mains GmbH","og_description":"Impressum Impressum swissmains.com Overall Responsibility: SMT Swiss Mains GmbHGrosszelgstrasse 24CH-5436 W\u00fcrenlosTel. +41 56 436 76 76info@swissmains.com swissmains.com Allgemeine Verantwortung: SMT Swiss Mains GmbHGrosszelgstrasse 24CH-5436 W\u00fcrenlosTel. +41 56 436 76 76info@swissmains.com Terms and Conditions of Use: 1. Terms and Conditions of use By accessing this site, you accept the following Terms and Conditions. You are only [&hellip;]","og_url":"https:\/\/www.swissmains.com\/en\/impressum\/","og_site_name":"SMT Swiss Mains GmbH","article_modified_time":"2026-04-27T13:28:50+00:00","twitter_card":"summary_large_image","twitter_misc":{"Est. reading time":"3 minutes"},"schema":{"@context":"https:\/\/schema.org","@graph":[{"@type":"WebPage","@id":"https:\/\/www.swissmains.com\/en\/impressum\/","url":"https:\/\/www.swissmains.com\/en\/impressum\/","name":"Impressum - SMT Swiss Mains GmbH","isPartOf":{"@id":"https:\/\/www.swissmains.com\/en\/#website"},"primaryImageOfPage":{"@id":"https:\/\/www.swissmains.com\/en\/impressum\/#primaryimage"},"image":{"@id":"https:\/\/www.swissmains.com\/en\/impressum\/#primaryimage"},"thumbnailUrl":"https:\/\/www.swissmains.com\/wp-content\/uploads\/2026\/04\/en.svg","datePublished":"2024-12-30T15:49:23+00:00","dateModified":"2026-04-27T13:28:50+00:00","breadcrumb":{"@id":"https:\/\/www.swissmains.com\/en\/impressum\/#breadcrumb"},"inLanguage":"en-US","potentialAction":[{"@type":"ReadAction","target":["https:\/\/www.swissmains.com\/en\/impressum\/"]}]},{"@type":"ImageObject","inLanguage":"en-US","@id":"https:\/\/www.swissmains.com\/en\/impressum\/#primaryimage","url":"https:\/\/www.swissmains.com\/wp-content\/uploads\/2026\/04\/en.svg","contentUrl":"https:\/\/www.swissmains.com\/wp-content\/uploads\/2026\/04\/en.svg"},{"@type":"BreadcrumbList","@id":"https:\/\/www.swissmains.com\/en\/impressum\/#breadcrumb","itemListElement":[{"@type":"ListItem","position":1,"name":"Startseite","item":"https:\/\/www.swissmains.com\/en\/"},{"@type":"ListItem","position":2,"name":"Impressum"}]},{"@type":"WebSite","@id":"https:\/\/www.swissmains.com\/en\/#website","url":"https:\/\/www.swissmains.com\/en\/","name":"SMT Swiss Mains GmbH","description":"","publisher":{"@id":"https:\/\/www.swissmains.com\/en\/#organization"},"potentialAction":[{"@type":"SearchAction","target":{"@type":"EntryPoint","urlTemplate":"https:\/\/www.swissmains.com\/en\/?s={search_term_string}"},"query-input":{"@type":"PropertyValueSpecification","valueRequired":true,"valueName":"search_term_string"}}],"inLanguage":"en-US"},{"@type":"Organization","@id":"https:\/\/www.swissmains.com\/en\/#organization","name":"SMT Swiss Mains GmbH","url":"https:\/\/www.swissmains.com\/en\/","logo":{"@type":"ImageObject","inLanguage":"en-US","@id":"https:\/\/www.swissmains.com\/en\/#\/schema\/logo\/image\/","url":"https:\/\/www.swissmains.com\/wp-content\/uploads\/2021\/12\/cropped-logo_textx-e1728484959194.png","contentUrl":"https:\/\/www.swissmains.com\/wp-content\/uploads\/2021\/12\/cropped-logo_textx-e1728484959194.png","width":203,"height":50,"caption":"SMT Swiss Mains GmbH"},"image":{"@id":"https:\/\/www.swissmains.com\/en\/#\/schema\/logo\/image\/"}}]}},"_links":{"self":[{"href":"https:\/\/www.swissmains.com\/en\/wp-json\/wp\/v2\/pages\/4636","targetHints":{"allow":["GET"]}}],"collection":[{"href":"https:\/\/www.swissmains.com\/en\/wp-json\/wp\/v2\/pages"}],"about":[{"href":"https:\/\/www.swissmains.com\/en\/wp-json\/wp\/v2\/types\/page"}],"author":[{"embeddable":true,"href":"https:\/\/www.swissmains.com\/en\/wp-json\/wp\/v2\/users\/2"}],"replies":[{"embeddable":true,"href":"https:\/\/www.swissmains.com\/en\/wp-json\/wp\/v2\/comments?post=4636"}],"version-history":[{"count":16,"href":"https:\/\/www.swissmains.com\/en\/wp-json\/wp\/v2\/pages\/4636\/revisions"}],"predecessor-version":[{"id":8234,"href":"https:\/\/www.swissmains.com\/en\/wp-json\/wp\/v2\/pages\/4636\/revisions\/8234"}],"wp:attachment":[{"href":"https:\/\/www.swissmains.com\/en\/wp-json\/wp\/v2\/media?parent=4636"}],"curies":[{"name":"wp","href":"https:\/\/api.w.org\/{rel}","templated":true}]}}